{"id":329,"date":"2024-04-24T00:45:37","date_gmt":"2024-04-23T22:45:37","guid":{"rendered":"https:\/\/www.netavisen.dk\/da-dk\/nyheder\/?page_id=329"},"modified":"2024-05-09T00:52:52","modified_gmt":"2024-05-08T22:52:52","slug":"webshop-loesning","status":"publish","type":"page","link":"https:\/\/www.netavisen.dk\/da-dk\/nyheder\/webshop-loesning\/","title":{"rendered":"Webshop L\u00f8sning"},"content":{"rendered":"<p><strong>S\u00f8ger du efter en webshop l\u00f8sning? Vi har samlet en r\u00e6kke nyttige links til forskellige firmaer der tilbyder webshop l\u00f8sning. Se oversigt over dem nedenfor og v\u00e6lg den webshopsystem der passer bedst til dit behov.<\/strong><\/p>\n<hr \/>\n<p><a href=\"https:\/\/www.partner-ads.com\/dk\/klikbanner.php?partnerid=48026&amp;bannerid=99810\" target=\"_blank\" rel=\"nofollow noopener\">CLKWEB<\/a> Webbureauet Clkweb blev stiftet i 2009. Siden opstarten har vi hjulpet mere end 100 nye webshop-ejere i gang med Magento. Det er vi stolte af, ikke mindst fordi vores m\u00e6rkesag og mission er at kunne tilbyde en webshop-l\u00f8sning af h\u00f8j kvalitet.<\/p>\n<hr \/>\n<p><a href=\"https:\/\/track.adtraction.com\/t\/t?a=1715455208&amp;as=1877157901&amp;t=2&amp;tk=1\" target=\"_blank\" rel=\"nofollow noopener\">DanDomain<\/a> Dr\u00f8mmer du om at starte din egen webshop? G\u00f8r dr\u00f8mmen til virkelighed hos Danmarks bedste og st\u00f8rste platform til online k\u00f8bm\u00e6nd.<\/p>\n<hr \/>\n<p><a href=\"https:\/\/www.awin1.com\/awclick.php?gid=471097&#038;mid=58873&#038;awinaffid=1623199&#038;linkid=3449941&#038;clickref=\" target=\"_blank\" rel=\"nofollow noopener\">One.com<\/a> Opret din webshop i dag<\/p>\n<hr \/>\n<p><a href=\"https:\/\/www.partner-ads.com\/dk\/klikbanner.php?partnerid=48026&amp;bannerid=96409\" target=\"_blank\" rel=\"nofollow noopener\">SHUP<\/a> Start din egen webshop p\u00e5 10 min. SHUP er verdens nemmeste webshop system. Med SHUP kan du oprette din egen professionelle webshop p\u00e5 bare 10 minutter. SHUP er designet til kreative, iv\u00e6rks\u00e6ttere, butiksejere og dem der s\u00e6lger produkter over Instagram og Facebook. Start en webshop i dag!<\/p>\n<hr \/>\n","protected":false},"excerpt":{"rendered":"<p>S\u00f8ger du efter en webshop l\u00f8sning? Vi har samlet en r\u00e6kke nyttige links til forskellige firmaer der tilbyder webshop l\u00f8sning. Se oversigt over dem nedenfor og v\u00e6lg den webshopsystem der passer bedst til dit behov. CLKWEB Webbureauet Clkweb blev stiftet i 2009. Siden opstarten har vi hjulpet mere end 100 nye webshop-ejere i gang med [&hellip;]<\/p>\n","protected":false},"author":1,"featured_media":0,"parent":0,"menu_order":0,"comment_status":"closed","ping_status":"closed","template":"","meta":{"jnews_page_loop":{"enable_page_loop":"0","first_title":"Latest Post","second_title":"","header_type":"heading_6","header_background":"","header_text_color":"","layout":"right-sidebar","sidebar":"default-sidebar","second_sidebar":"default-sidebar","sticky_sidebar":"1","module":"3","boxed":"0","boxed_shadow":"0","box_shadow":"0","excerpt_length":"20","content_date":"default","date_custom":"Y\/m\/d","content_pagination":"nav_1","pagination_align":"center","show_navtext":"0","show_pageinfo":"0","post_offset":"0","posts_per_page":"5","include_post":"","exclude_post":"","include_category":"","exclude_category":"","include_author":"","include_tag":"","exclude_tag":"","sort_by":"latest"},"jnews_single_page":{"layout":"no-sidebar","sidebar":"default-sidebar","second_sidebar":"default-sidebar","sticky_sidebar":"1","show_post_featured":"0","show_post_meta":"0","share_position":"hide","share_color":"share-monocrhome"},"footnotes":""},"class_list":["post-329","page","type-page","status-publish","hentry"],"_links":{"self":[{"href":"https:\/\/www.netavisen.dk\/da-dk\/nyheder\/wp-json\/wp\/v2\/pages\/329","targetHints":{"allow":["GET"]}}],"collection":[{"href":"https:\/\/www.netavisen.dk\/da-dk\/nyheder\/wp-json\/wp\/v2\/pages"}],"about":[{"href":"https:\/\/www.netavisen.dk\/da-dk\/nyheder\/wp-json\/wp\/v2\/types\/page"}],"author":[{"embeddable":true,"href":"https:\/\/www.netavisen.dk\/da-dk\/nyheder\/wp-json\/wp\/v2\/users\/1"}],"replies":[{"embeddable":true,"href":"https:\/\/www.netavisen.dk\/da-dk\/nyheder\/wp-json\/wp\/v2\/comments?post=329"}],"version-history":[{"count":0,"href":"https:\/\/www.netavisen.dk\/da-dk\/nyheder\/wp-json\/wp\/v2\/pages\/329\/revisions"}],"wp:attachment":[{"href":"https:\/\/www.netavisen.dk\/da-dk\/nyheder\/wp-json\/wp\/v2\/media?parent=329"}],"curies":[{"name":"wp","href":"https:\/\/api.w.org\/{rel}","templated":true}]}}